{"id":242938,"date":"2023-10-12T14:36:50","date_gmt":"2023-10-12T19:36:50","guid":{"rendered":"https:\/\/training-4-job.com\/portal\/?post_type=product&#038;p=242938"},"modified":"2024-01-23T15:23:30","modified_gmt":"2024-01-23T20:23:30","slug":"aeronave-y-motores-cessna-206-online","status":"publish","type":"product","link":"https:\/\/training-4-job.com\/portal\/producto\/aeronave-y-motores-cessna-206-online\/","title":{"rendered":"Aeronave y Motores Cessna 206 Online"},"content":{"rendered":"<p><span style=\"font-weight: 400;\">El \u00abCurso de Sistemas de Aeronave y Motores en los Equipos Cessna 206 Series\u00bb es un programa de capacitaci\u00f3n inicial para t\u00e9cnicos de mantenimiento en aeronaves Cessna 206 Series que incluye una variedad de temas, para un desempe\u00f1o eficiente en la parte t\u00e9cnica, documental y de regulaciones de aviaci\u00f3n civil relacionadas al mantenimiento.<\/span><\/p>\n<p><span style=\"font-weight: 400;\">Sistemas de la aeronave:<\/span><span style=\"font-weight: 400;\"> Detalles sobre los sistemas clave de la aeronave, sistemas el\u00e9ctricos, sistemas de combustible, sistemas de comunicaci\u00f3n y navegaci\u00f3n, y sistemas de tren de aterrizaje.<\/span><\/p>\n<p><span style=\"font-weight: 400;\">Motores:<\/span><span style=\"font-weight: 400;\"> Informaci\u00f3n detallada sobre los motores utilizados en estos aviones, incluyendo su funcionamiento, mantenimiento y soluci\u00f3n de problemas.<\/span><\/p>\n<p><span style=\"font-weight: 400;\">Mantenimiento:<\/span><span style=\"font-weight: 400;\"> Instrucci\u00f3n sobre c\u00f3mo mantener y realizar inspecciones regulares en los aviones Cessna 206 Series, cumpliendo con las normativas de seguridad.<\/span><\/p>\n<p><span style=\"font-weight: 400;\">Regulaciones:<\/span><span style=\"font-weight: 400;\"> Educaci\u00f3n sobre las regulaciones de aviaci\u00f3n pertinentes, incluyendo las normativas de seguridad, y requisitos de mantenimiento.<\/span><\/p>\n<p><span style=\"font-weight: 400;\">Seguridad:<\/span><span style=\"font-weight: 400;\"> Ense\u00f1anza de las mejores pr\u00e1cticas y procedimientos de seguridad para minimizar riesgos en la operaci\u00f3n de aeronaves.<\/span><\/p>\n<p><span style=\"font-weight: 400;\">Actualizaciones y tecnolog\u00eda:<\/span><span style=\"font-weight: 400;\"> Informaci\u00f3n sobre las \u00faltimas actualizaciones y tecnolog\u00eda disponible para estos modelos de aeronaves.<\/span><\/p>\n","protected":false},"excerpt":{"rendered":"<ul>\n<li>20 Horas<\/li>\n<li>Modalidad: Online<\/li>\n<li>Precio por personas<\/li>\n<\/ul>\n","protected":false},"featured_media":243160,"template":"","meta":{"_et_pb_use_builder":"","_et_pb_old_content":"","_et_gb_content_width":"","_joinchat":[]},"product_brand":[],"product_cat":[260],"product_tag":[],"class_list":{"0":"post-242938","1":"product","2":"type-product","3":"status-publish","4":"has-post-thumbnail","6":"product_cat-cursos-de-aeronave-y-motores-de-aviacion-general","8":"first","9":"instock","10":"shipping-taxable","11":"purchasable","12":"product-type-simple"},"yoast_head":"<!-- This site is optimized with the Yoast SEO plugin v27.4 - https:\/\/yoast.com\/product\/yoast-seo-wordpress\/ -->\n<title>Aeronave y Motores Cessna 206 Online - Training 4 Job<\/title>\n<meta name=\"robots\" content=\"index, follow, max-snippet:-1, max-image-preview:large, max-video-preview:-1\" \/>\n<link rel=\"canonical\" href=\"https:\/\/training-4-job.com\/portal\/producto\/aeronave-y-motores-cessna-206-online\/\" \/>\n<meta property=\"og:locale\" content=\"es_ES\" \/>\n<meta property=\"og:type\" content=\"article\" \/>\n<meta property=\"og:title\" content=\"Aeronave y Motores Cessna 206 Online - Training 4 Job\" \/>\n<meta property=\"og:description\" content=\"20 Horas  Modalidad: Online  Precio por personas\" \/>\n<meta property=\"og:url\" content=\"https:\/\/training-4-job.com\/portal\/producto\/aeronave-y-motores-cessna-206-online\/\" \/>\n<meta property=\"og:site_name\" content=\"Training 4 Job\" \/>\n<meta property=\"article:publisher\" content=\"https:\/\/www.facebook.com\/cctrainingforjob\" \/>\n<meta property=\"article:modified_time\" content=\"2024-01-23T20:23:30+00:00\" \/>\n<meta property=\"og:image\" content=\"https:\/\/training-4-job.com\/portal\/wp-content\/uploads\/2023\/10\/Publicidad-206.png\" \/>\n\t<meta property=\"og:image:width\" content=\"1587\" \/>\n\t<meta property=\"og:image:height\" content=\"2245\" \/>\n\t<meta property=\"og:image:type\" content=\"image\/png\" \/>\n<meta name=\"twitter:card\" content=\"summary_large_image\" \/>\n<meta name=\"twitter:label1\" content=\"Tiempo de lectura\" \/>\n\t<meta name=\"twitter:data1\" content=\"1 minuto\" \/>\n<script type=\"application\/ld+json\" class=\"yoast-schema-graph\">{\"@context\":\"https:\\\/\\\/schema.org\",\"@graph\":[{\"@type\":\"WebPage\",\"@id\":\"https:\\\/\\\/training-4-job.com\\\/portal\\\/producto\\\/aeronave-y-motores-cessna-206-online\\\/\",\"url\":\"https:\\\/\\\/training-4-job.com\\\/portal\\\/producto\\\/aeronave-y-motores-cessna-206-online\\\/\",\"name\":\"Aeronave y Motores Cessna 206 Online - Training 4 Job\",\"isPartOf\":{\"@id\":\"https:\\\/\\\/training-4-job.com\\\/portal\\\/#website\"},\"primaryImageOfPage\":{\"@id\":\"https:\\\/\\\/training-4-job.com\\\/portal\\\/producto\\\/aeronave-y-motores-cessna-206-online\\\/#primaryimage\"},\"image\":{\"@id\":\"https:\\\/\\\/training-4-job.com\\\/portal\\\/producto\\\/aeronave-y-motores-cessna-206-online\\\/#primaryimage\"},\"thumbnailUrl\":\"https:\\\/\\\/training-4-job.com\\\/portal\\\/wp-content\\\/uploads\\\/2023\\\/10\\\/Publicidad-206.png\",\"datePublished\":\"2023-10-12T19:36:50+00:00\",\"dateModified\":\"2024-01-23T20:23:30+00:00\",\"breadcrumb\":{\"@id\":\"https:\\\/\\\/training-4-job.com\\\/portal\\\/producto\\\/aeronave-y-motores-cessna-206-online\\\/#breadcrumb\"},\"inLanguage\":\"es\",\"potentialAction\":[{\"@type\":\"ReadAction\",\"target\":[\"https:\\\/\\\/training-4-job.com\\\/portal\\\/producto\\\/aeronave-y-motores-cessna-206-online\\\/\"]}]},{\"@type\":\"ImageObject\",\"inLanguage\":\"es\",\"@id\":\"https:\\\/\\\/training-4-job.com\\\/portal\\\/producto\\\/aeronave-y-motores-cessna-206-online\\\/#primaryimage\",\"url\":\"https:\\\/\\\/training-4-job.com\\\/portal\\\/wp-content\\\/uploads\\\/2023\\\/10\\\/Publicidad-206.png\",\"contentUrl\":\"https:\\\/\\\/training-4-job.com\\\/portal\\\/wp-content\\\/uploads\\\/2023\\\/10\\\/Publicidad-206.png\",\"width\":1587,\"height\":2245},{\"@type\":\"BreadcrumbList\",\"@id\":\"https:\\\/\\\/training-4-job.com\\\/portal\\\/producto\\\/aeronave-y-motores-cessna-206-online\\\/#breadcrumb\",\"itemListElement\":[{\"@type\":\"ListItem\",\"position\":1,\"name\":\"Portada\",\"item\":\"https:\\\/\\\/training-4-job.com\\\/portal\\\/\"},{\"@type\":\"ListItem\",\"position\":2,\"name\":\"shop\",\"item\":\"https:\\\/\\\/training-4-job.com\\\/portal\\\/shop\\\/\"},{\"@type\":\"ListItem\",\"position\":3,\"name\":\"Aeronave y Motores Cessna 206 Online\"}]},{\"@type\":\"WebSite\",\"@id\":\"https:\\\/\\\/training-4-job.com\\\/portal\\\/#website\",\"url\":\"https:\\\/\\\/training-4-job.com\\\/portal\\\/\",\"name\":\"Training 4 Job\",\"description\":\"Somos un centro de entrenamiento aeron\u00e1utico de mantenimiento en l\u00ednea comprometido con la excelencia educativa, la seguridad aeron\u00e1utica y la accesibilidad global. Estamos dedicados a preparar a nuestros estudiantes para carreras exitosas en la industria de la aviaci\u00f3n a trav\u00e9s de una educaci\u00f3n de calidad y una plataforma de formaci\u00f3n en l\u00ednea de vanguardia.\",\"publisher\":{\"@id\":\"https:\\\/\\\/training-4-job.com\\\/portal\\\/#organization\"},\"potentialAction\":[{\"@type\":\"SearchAction\",\"target\":{\"@type\":\"EntryPoint\",\"urlTemplate\":\"https:\\\/\\\/training-4-job.com\\\/portal\\\/?s={search_term_string}\"},\"query-input\":{\"@type\":\"PropertyValueSpecification\",\"valueRequired\":true,\"valueName\":\"search_term_string\"}}],\"inLanguage\":\"es\"},{\"@type\":\"Organization\",\"@id\":\"https:\\\/\\\/training-4-job.com\\\/portal\\\/#organization\",\"name\":\"TRAINING 4 JOB\",\"url\":\"https:\\\/\\\/training-4-job.com\\\/portal\\\/\",\"logo\":{\"@type\":\"ImageObject\",\"inLanguage\":\"es\",\"@id\":\"https:\\\/\\\/training-4-job.com\\\/portal\\\/#\\\/schema\\\/logo\\\/image\\\/\",\"url\":\"https:\\\/\\\/training-4-job.com\\\/portal\\\/wp-content\\\/uploads\\\/2026\\\/03\\\/IMG.png\",\"contentUrl\":\"https:\\\/\\\/training-4-job.com\\\/portal\\\/wp-content\\\/uploads\\\/2026\\\/03\\\/IMG.png\",\"width\":500,\"height\":500,\"caption\":\"TRAINING 4 JOB\"},\"image\":{\"@id\":\"https:\\\/\\\/training-4-job.com\\\/portal\\\/#\\\/schema\\\/logo\\\/image\\\/\"},\"sameAs\":[\"https:\\\/\\\/www.facebook.com\\\/cctrainingforjob\"]}]}<\/script>\n<!-- \/ Yoast SEO plugin. -->","yoast_head_json":{"title":"Aeronave y Motores Cessna 206 Online - Training 4 Job","robots":{"index":"index","follow":"follow","max-snippet":"max-snippet:-1","max-image-preview":"max-image-preview:large","max-video-preview":"max-video-preview:-1"},"canonical":"https:\/\/training-4-job.com\/portal\/producto\/aeronave-y-motores-cessna-206-online\/","og_locale":"es_ES","og_type":"article","og_title":"Aeronave y Motores Cessna 206 Online - Training 4 Job","og_description":"20 Horas  Modalidad: Online  Precio por personas","og_url":"https:\/\/training-4-job.com\/portal\/producto\/aeronave-y-motores-cessna-206-online\/","og_site_name":"Training 4 Job","article_publisher":"https:\/\/www.facebook.com\/cctrainingforjob","article_modified_time":"2024-01-23T20:23:30+00:00","og_image":[{"width":1587,"height":2245,"url":"https:\/\/training-4-job.com\/portal\/wp-content\/uploads\/2023\/10\/Publicidad-206.png","type":"image\/png"}],"twitter_card":"summary_large_image","twitter_misc":{"Tiempo de lectura":"1 minuto"},"schema":{"@context":"https:\/\/schema.org","@graph":[{"@type":"WebPage","@id":"https:\/\/training-4-job.com\/portal\/producto\/aeronave-y-motores-cessna-206-online\/","url":"https:\/\/training-4-job.com\/portal\/producto\/aeronave-y-motores-cessna-206-online\/","name":"Aeronave y Motores Cessna 206 Online - Training 4 Job","isPartOf":{"@id":"https:\/\/training-4-job.com\/portal\/#website"},"primaryImageOfPage":{"@id":"https:\/\/training-4-job.com\/portal\/producto\/aeronave-y-motores-cessna-206-online\/#primaryimage"},"image":{"@id":"https:\/\/training-4-job.com\/portal\/producto\/aeronave-y-motores-cessna-206-online\/#primaryimage"},"thumbnailUrl":"https:\/\/training-4-job.com\/portal\/wp-content\/uploads\/2023\/10\/Publicidad-206.png","datePublished":"2023-10-12T19:36:50+00:00","dateModified":"2024-01-23T20:23:30+00:00","breadcrumb":{"@id":"https:\/\/training-4-job.com\/portal\/producto\/aeronave-y-motores-cessna-206-online\/#breadcrumb"},"inLanguage":"es","potentialAction":[{"@type":"ReadAction","target":["https:\/\/training-4-job.com\/portal\/producto\/aeronave-y-motores-cessna-206-online\/"]}]},{"@type":"ImageObject","inLanguage":"es","@id":"https:\/\/training-4-job.com\/portal\/producto\/aeronave-y-motores-cessna-206-online\/#primaryimage","url":"https:\/\/training-4-job.com\/portal\/wp-content\/uploads\/2023\/10\/Publicidad-206.png","contentUrl":"https:\/\/training-4-job.com\/portal\/wp-content\/uploads\/2023\/10\/Publicidad-206.png","width":1587,"height":2245},{"@type":"BreadcrumbList","@id":"https:\/\/training-4-job.com\/portal\/producto\/aeronave-y-motores-cessna-206-online\/#breadcrumb","itemListElement":[{"@type":"ListItem","position":1,"name":"Portada","item":"https:\/\/training-4-job.com\/portal\/"},{"@type":"ListItem","position":2,"name":"shop","item":"https:\/\/training-4-job.com\/portal\/shop\/"},{"@type":"ListItem","position":3,"name":"Aeronave y Motores Cessna 206 Online"}]},{"@type":"WebSite","@id":"https:\/\/training-4-job.com\/portal\/#website","url":"https:\/\/training-4-job.com\/portal\/","name":"Training 4 Job","description":"Somos un centro de entrenamiento aeron\u00e1utico de mantenimiento en l\u00ednea comprometido con la excelencia educativa, la seguridad aeron\u00e1utica y la accesibilidad global. Estamos dedicados a preparar a nuestros estudiantes para carreras exitosas en la industria de la aviaci\u00f3n a trav\u00e9s de una educaci\u00f3n de calidad y una plataforma de formaci\u00f3n en l\u00ednea de vanguardia.","publisher":{"@id":"https:\/\/training-4-job.com\/portal\/#organization"},"potentialAction":[{"@type":"SearchAction","target":{"@type":"EntryPoint","urlTemplate":"https:\/\/training-4-job.com\/portal\/?s={search_term_string}"},"query-input":{"@type":"PropertyValueSpecification","valueRequired":true,"valueName":"search_term_string"}}],"inLanguage":"es"},{"@type":"Organization","@id":"https:\/\/training-4-job.com\/portal\/#organization","name":"TRAINING 4 JOB","url":"https:\/\/training-4-job.com\/portal\/","logo":{"@type":"ImageObject","inLanguage":"es","@id":"https:\/\/training-4-job.com\/portal\/#\/schema\/logo\/image\/","url":"https:\/\/training-4-job.com\/portal\/wp-content\/uploads\/2026\/03\/IMG.png","contentUrl":"https:\/\/training-4-job.com\/portal\/wp-content\/uploads\/2026\/03\/IMG.png","width":500,"height":500,"caption":"TRAINING 4 JOB"},"image":{"@id":"https:\/\/training-4-job.com\/portal\/#\/schema\/logo\/image\/"},"sameAs":["https:\/\/www.facebook.com\/cctrainingforjob"]}]}},"_links":{"self":[{"href":"https:\/\/training-4-job.com\/portal\/wp-json\/wp\/v2\/product\/242938","targetHints":{"allow":["GET"]}}],"collection":[{"href":"https:\/\/training-4-job.com\/portal\/wp-json\/wp\/v2\/product"}],"about":[{"href":"https:\/\/training-4-job.com\/portal\/wp-json\/wp\/v2\/types\/product"}],"wp:featuredmedia":[{"embeddable":true,"href":"https:\/\/training-4-job.com\/portal\/wp-json\/wp\/v2\/media\/243160"}],"wp:attachment":[{"href":"https:\/\/training-4-job.com\/portal\/wp-json\/wp\/v2\/media?parent=242938"}],"wp:term":[{"taxonomy":"product_brand","embeddable":true,"href":"https:\/\/training-4-job.com\/portal\/wp-json\/wp\/v2\/product_brand?post=242938"},{"taxonomy":"product_cat","embeddable":true,"href":"https:\/\/training-4-job.com\/portal\/wp-json\/wp\/v2\/product_cat?post=242938"},{"taxonomy":"product_tag","embeddable":true,"href":"https:\/\/training-4-job.com\/portal\/wp-json\/wp\/v2\/product_tag?post=242938"}],"curies":[{"name":"wp","href":"https:\/\/api.w.org\/{rel}","templated":true}]}}