{"id":242937,"date":"2023-10-12T14:35:14","date_gmt":"2023-10-12T19:35:14","guid":{"rendered":"https:\/\/training-4-job.com\/portal\/?post_type=product&#038;p=242937"},"modified":"2025-01-16T23:13:20","modified_gmt":"2025-01-17T04:13:20","slug":"aeronave-y-motores-beechcraft-baron-95-b55-online","status":"publish","type":"product","link":"https:\/\/training-4-job.com\/portal\/producto\/aeronave-y-motores-beechcraft-baron-95-b55-online\/","title":{"rendered":"Aeronave y Motores Beechcraft Baron 95-B55 Online"},"content":{"rendered":"<p><span style=\"font-weight: 400;\">Este curso est\u00e1 dise\u00f1ado para proporcionar a los t\u00e9cnicos de mantenimiento los conocimientos y las habilidades necesarias para realizar tareas de mantenimiento preventivas y acciones correctivas.<\/span><\/p>\n<p><span style=\"font-weight: 400;\">El curso abarcar\u00e1 una variedad de temas, como sistemas de motor, calibraci\u00f3n y ajuste, sistema el\u00e9ctrico, avi\u00f3nica, comunicaci\u00f3n y navegaci\u00f3n, controles de vuelo, procedimientos de mantenimiento recomendados por el fabricante, circulares de asesoramiento, boletines de servicio, inspecciones programadas y de no rutina, y resoluci\u00f3n de problemas<\/span><\/p>\n","protected":false},"excerpt":{"rendered":"<ul>\n<li>20 Horas<\/li>\n<li>De 2 a 4 valor 250 USD por participante<\/li>\n<li>De 5 a 7 valor 200 USD por participante<\/li>\n<li>De 8 en adelante 175\u00a0USD por participante<\/li>\n<\/ul>\n","protected":false},"featured_media":243021,"template":"","meta":{"_et_pb_use_builder":"","_et_pb_old_content":"","_et_gb_content_width":"","_joinchat":[]},"product_brand":[],"product_cat":[260],"product_tag":[],"class_list":{"0":"post-242937","1":"product","2":"type-product","3":"status-publish","4":"has-post-thumbnail","6":"product_cat-cursos-de-aeronave-y-motores-de-aviacion-general","8":"first","9":"instock","10":"shipping-taxable","11":"purchasable","12":"product-type-simple"},"yoast_head":"<!-- This site is optimized with the Yoast SEO plugin v27.4 - https:\/\/yoast.com\/product\/yoast-seo-wordpress\/ -->\n<title>Aeronave y Motores Beechcraft Baron 95-B55 Online - Training 4 Job<\/title>\n<meta name=\"robots\" content=\"index, follow, max-snippet:-1, max-image-preview:large, max-video-preview:-1\" \/>\n<link rel=\"canonical\" href=\"https:\/\/training-4-job.com\/portal\/producto\/aeronave-y-motores-beechcraft-baron-95-b55-online\/\" \/>\n<meta property=\"og:locale\" content=\"es_ES\" \/>\n<meta property=\"og:type\" content=\"article\" \/>\n<meta property=\"og:title\" content=\"Aeronave y Motores Beechcraft Baron 95-B55 Online - Training 4 Job\" \/>\n<meta property=\"og:description\" content=\"20 Horas  De 2 a 4 valor 250 USD por participante  De 5 a 7 valor 200 USD por participante  De 8 en adelante 175\u00a0USD por participante\" \/>\n<meta property=\"og:url\" content=\"https:\/\/training-4-job.com\/portal\/producto\/aeronave-y-motores-beechcraft-baron-95-b55-online\/\" \/>\n<meta property=\"og:site_name\" content=\"Training 4 Job\" \/>\n<meta property=\"article:publisher\" content=\"https:\/\/www.facebook.com\/cctrainingforjob\" \/>\n<meta property=\"article:modified_time\" content=\"2025-01-17T04:13:20+00:00\" \/>\n<meta property=\"og:image\" content=\"https:\/\/training-4-job.com\/portal\/wp-content\/uploads\/2023\/10\/BARON.png\" \/>\n\t<meta property=\"og:image:width\" content=\"1414\" \/>\n\t<meta property=\"og:image:height\" content=\"2000\" \/>\n\t<meta property=\"og:image:type\" content=\"image\/png\" \/>\n<meta name=\"twitter:card\" content=\"summary_large_image\" \/>\n<meta name=\"twitter:label1\" content=\"Tiempo de lectura\" \/>\n\t<meta name=\"twitter:data1\" content=\"1 minuto\" \/>\n<script type=\"application\/ld+json\" class=\"yoast-schema-graph\">{\"@context\":\"https:\\\/\\\/schema.org\",\"@graph\":[{\"@type\":\"WebPage\",\"@id\":\"https:\\\/\\\/training-4-job.com\\\/portal\\\/producto\\\/aeronave-y-motores-beechcraft-baron-95-b55-online\\\/\",\"url\":\"https:\\\/\\\/training-4-job.com\\\/portal\\\/producto\\\/aeronave-y-motores-beechcraft-baron-95-b55-online\\\/\",\"name\":\"Aeronave y Motores Beechcraft Baron 95-B55 Online - Training 4 Job\",\"isPartOf\":{\"@id\":\"https:\\\/\\\/training-4-job.com\\\/portal\\\/#website\"},\"primaryImageOfPage\":{\"@id\":\"https:\\\/\\\/training-4-job.com\\\/portal\\\/producto\\\/aeronave-y-motores-beechcraft-baron-95-b55-online\\\/#primaryimage\"},\"image\":{\"@id\":\"https:\\\/\\\/training-4-job.com\\\/portal\\\/producto\\\/aeronave-y-motores-beechcraft-baron-95-b55-online\\\/#primaryimage\"},\"thumbnailUrl\":\"https:\\\/\\\/training-4-job.com\\\/portal\\\/wp-content\\\/uploads\\\/2023\\\/10\\\/BARON.png\",\"datePublished\":\"2023-10-12T19:35:14+00:00\",\"dateModified\":\"2025-01-17T04:13:20+00:00\",\"breadcrumb\":{\"@id\":\"https:\\\/\\\/training-4-job.com\\\/portal\\\/producto\\\/aeronave-y-motores-beechcraft-baron-95-b55-online\\\/#breadcrumb\"},\"inLanguage\":\"es\",\"potentialAction\":[{\"@type\":\"ReadAction\",\"target\":[\"https:\\\/\\\/training-4-job.com\\\/portal\\\/producto\\\/aeronave-y-motores-beechcraft-baron-95-b55-online\\\/\"]}]},{\"@type\":\"ImageObject\",\"inLanguage\":\"es\",\"@id\":\"https:\\\/\\\/training-4-job.com\\\/portal\\\/producto\\\/aeronave-y-motores-beechcraft-baron-95-b55-online\\\/#primaryimage\",\"url\":\"https:\\\/\\\/training-4-job.com\\\/portal\\\/wp-content\\\/uploads\\\/2023\\\/10\\\/BARON.png\",\"contentUrl\":\"https:\\\/\\\/training-4-job.com\\\/portal\\\/wp-content\\\/uploads\\\/2023\\\/10\\\/BARON.png\",\"width\":1414,\"height\":2000},{\"@type\":\"BreadcrumbList\",\"@id\":\"https:\\\/\\\/training-4-job.com\\\/portal\\\/producto\\\/aeronave-y-motores-beechcraft-baron-95-b55-online\\\/#breadcrumb\",\"itemListElement\":[{\"@type\":\"ListItem\",\"position\":1,\"name\":\"Portada\",\"item\":\"https:\\\/\\\/training-4-job.com\\\/portal\\\/\"},{\"@type\":\"ListItem\",\"position\":2,\"name\":\"shop\",\"item\":\"https:\\\/\\\/training-4-job.com\\\/portal\\\/shop\\\/\"},{\"@type\":\"ListItem\",\"position\":3,\"name\":\"Aeronave y Motores Beechcraft Baron 95-B55 Online\"}]},{\"@type\":\"WebSite\",\"@id\":\"https:\\\/\\\/training-4-job.com\\\/portal\\\/#website\",\"url\":\"https:\\\/\\\/training-4-job.com\\\/portal\\\/\",\"name\":\"Training 4 Job\",\"description\":\"Somos un centro de entrenamiento aeron\u00e1utico de mantenimiento en l\u00ednea comprometido con la excelencia educativa, la seguridad aeron\u00e1utica y la accesibilidad global. Estamos dedicados a preparar a nuestros estudiantes para carreras exitosas en la industria de la aviaci\u00f3n a trav\u00e9s de una educaci\u00f3n de calidad y una plataforma de formaci\u00f3n en l\u00ednea de vanguardia.\",\"publisher\":{\"@id\":\"https:\\\/\\\/training-4-job.com\\\/portal\\\/#organization\"},\"potentialAction\":[{\"@type\":\"SearchAction\",\"target\":{\"@type\":\"EntryPoint\",\"urlTemplate\":\"https:\\\/\\\/training-4-job.com\\\/portal\\\/?s={search_term_string}\"},\"query-input\":{\"@type\":\"PropertyValueSpecification\",\"valueRequired\":true,\"valueName\":\"search_term_string\"}}],\"inLanguage\":\"es\"},{\"@type\":\"Organization\",\"@id\":\"https:\\\/\\\/training-4-job.com\\\/portal\\\/#organization\",\"name\":\"TRAINING 4 JOB\",\"url\":\"https:\\\/\\\/training-4-job.com\\\/portal\\\/\",\"logo\":{\"@type\":\"ImageObject\",\"inLanguage\":\"es\",\"@id\":\"https:\\\/\\\/training-4-job.com\\\/portal\\\/#\\\/schema\\\/logo\\\/image\\\/\",\"url\":\"https:\\\/\\\/training-4-job.com\\\/portal\\\/wp-content\\\/uploads\\\/2026\\\/03\\\/IMG.png\",\"contentUrl\":\"https:\\\/\\\/training-4-job.com\\\/portal\\\/wp-content\\\/uploads\\\/2026\\\/03\\\/IMG.png\",\"width\":500,\"height\":500,\"caption\":\"TRAINING 4 JOB\"},\"image\":{\"@id\":\"https:\\\/\\\/training-4-job.com\\\/portal\\\/#\\\/schema\\\/logo\\\/image\\\/\"},\"sameAs\":[\"https:\\\/\\\/www.facebook.com\\\/cctrainingforjob\"]}]}<\/script>\n<!-- \/ Yoast SEO plugin. -->","yoast_head_json":{"title":"Aeronave y Motores Beechcraft Baron 95-B55 Online - Training 4 Job","robots":{"index":"index","follow":"follow","max-snippet":"max-snippet:-1","max-image-preview":"max-image-preview:large","max-video-preview":"max-video-preview:-1"},"canonical":"https:\/\/training-4-job.com\/portal\/producto\/aeronave-y-motores-beechcraft-baron-95-b55-online\/","og_locale":"es_ES","og_type":"article","og_title":"Aeronave y Motores Beechcraft Baron 95-B55 Online - Training 4 Job","og_description":"20 Horas  De 2 a 4 valor 250 USD por participante  De 5 a 7 valor 200 USD por participante  De 8 en adelante 175\u00a0USD por participante","og_url":"https:\/\/training-4-job.com\/portal\/producto\/aeronave-y-motores-beechcraft-baron-95-b55-online\/","og_site_name":"Training 4 Job","article_publisher":"https:\/\/www.facebook.com\/cctrainingforjob","article_modified_time":"2025-01-17T04:13:20+00:00","og_image":[{"width":1414,"height":2000,"url":"https:\/\/training-4-job.com\/portal\/wp-content\/uploads\/2023\/10\/BARON.png","type":"image\/png"}],"twitter_card":"summary_large_image","twitter_misc":{"Tiempo de lectura":"1 minuto"},"schema":{"@context":"https:\/\/schema.org","@graph":[{"@type":"WebPage","@id":"https:\/\/training-4-job.com\/portal\/producto\/aeronave-y-motores-beechcraft-baron-95-b55-online\/","url":"https:\/\/training-4-job.com\/portal\/producto\/aeronave-y-motores-beechcraft-baron-95-b55-online\/","name":"Aeronave y Motores Beechcraft Baron 95-B55 Online - Training 4 Job","isPartOf":{"@id":"https:\/\/training-4-job.com\/portal\/#website"},"primaryImageOfPage":{"@id":"https:\/\/training-4-job.com\/portal\/producto\/aeronave-y-motores-beechcraft-baron-95-b55-online\/#primaryimage"},"image":{"@id":"https:\/\/training-4-job.com\/portal\/producto\/aeronave-y-motores-beechcraft-baron-95-b55-online\/#primaryimage"},"thumbnailUrl":"https:\/\/training-4-job.com\/portal\/wp-content\/uploads\/2023\/10\/BARON.png","datePublished":"2023-10-12T19:35:14+00:00","dateModified":"2025-01-17T04:13:20+00:00","breadcrumb":{"@id":"https:\/\/training-4-job.com\/portal\/producto\/aeronave-y-motores-beechcraft-baron-95-b55-online\/#breadcrumb"},"inLanguage":"es","potentialAction":[{"@type":"ReadAction","target":["https:\/\/training-4-job.com\/portal\/producto\/aeronave-y-motores-beechcraft-baron-95-b55-online\/"]}]},{"@type":"ImageObject","inLanguage":"es","@id":"https:\/\/training-4-job.com\/portal\/producto\/aeronave-y-motores-beechcraft-baron-95-b55-online\/#primaryimage","url":"https:\/\/training-4-job.com\/portal\/wp-content\/uploads\/2023\/10\/BARON.png","contentUrl":"https:\/\/training-4-job.com\/portal\/wp-content\/uploads\/2023\/10\/BARON.png","width":1414,"height":2000},{"@type":"BreadcrumbList","@id":"https:\/\/training-4-job.com\/portal\/producto\/aeronave-y-motores-beechcraft-baron-95-b55-online\/#breadcrumb","itemListElement":[{"@type":"ListItem","position":1,"name":"Portada","item":"https:\/\/training-4-job.com\/portal\/"},{"@type":"ListItem","position":2,"name":"shop","item":"https:\/\/training-4-job.com\/portal\/shop\/"},{"@type":"ListItem","position":3,"name":"Aeronave y Motores Beechcraft Baron 95-B55 Online"}]},{"@type":"WebSite","@id":"https:\/\/training-4-job.com\/portal\/#website","url":"https:\/\/training-4-job.com\/portal\/","name":"Training 4 Job","description":"Somos un centro de entrenamiento aeron\u00e1utico de mantenimiento en l\u00ednea comprometido con la excelencia educativa, la seguridad aeron\u00e1utica y la accesibilidad global. Estamos dedicados a preparar a nuestros estudiantes para carreras exitosas en la industria de la aviaci\u00f3n a trav\u00e9s de una educaci\u00f3n de calidad y una plataforma de formaci\u00f3n en l\u00ednea de vanguardia.","publisher":{"@id":"https:\/\/training-4-job.com\/portal\/#organization"},"potentialAction":[{"@type":"SearchAction","target":{"@type":"EntryPoint","urlTemplate":"https:\/\/training-4-job.com\/portal\/?s={search_term_string}"},"query-input":{"@type":"PropertyValueSpecification","valueRequired":true,"valueName":"search_term_string"}}],"inLanguage":"es"},{"@type":"Organization","@id":"https:\/\/training-4-job.com\/portal\/#organization","name":"TRAINING 4 JOB","url":"https:\/\/training-4-job.com\/portal\/","logo":{"@type":"ImageObject","inLanguage":"es","@id":"https:\/\/training-4-job.com\/portal\/#\/schema\/logo\/image\/","url":"https:\/\/training-4-job.com\/portal\/wp-content\/uploads\/2026\/03\/IMG.png","contentUrl":"https:\/\/training-4-job.com\/portal\/wp-content\/uploads\/2026\/03\/IMG.png","width":500,"height":500,"caption":"TRAINING 4 JOB"},"image":{"@id":"https:\/\/training-4-job.com\/portal\/#\/schema\/logo\/image\/"},"sameAs":["https:\/\/www.facebook.com\/cctrainingforjob"]}]}},"_links":{"self":[{"href":"https:\/\/training-4-job.com\/portal\/wp-json\/wp\/v2\/product\/242937","targetHints":{"allow":["GET"]}}],"collection":[{"href":"https:\/\/training-4-job.com\/portal\/wp-json\/wp\/v2\/product"}],"about":[{"href":"https:\/\/training-4-job.com\/portal\/wp-json\/wp\/v2\/types\/product"}],"wp:featuredmedia":[{"embeddable":true,"href":"https:\/\/training-4-job.com\/portal\/wp-json\/wp\/v2\/media\/243021"}],"wp:attachment":[{"href":"https:\/\/training-4-job.com\/portal\/wp-json\/wp\/v2\/media?parent=242937"}],"wp:term":[{"taxonomy":"product_brand","embeddable":true,"href":"https:\/\/training-4-job.com\/portal\/wp-json\/wp\/v2\/product_brand?post=242937"},{"taxonomy":"product_cat","embeddable":true,"href":"https:\/\/training-4-job.com\/portal\/wp-json\/wp\/v2\/product_cat?post=242937"},{"taxonomy":"product_tag","embeddable":true,"href":"https:\/\/training-4-job.com\/portal\/wp-json\/wp\/v2\/product_tag?post=242937"}],"curies":[{"name":"wp","href":"https:\/\/api.w.org\/{rel}","templated":true}]}}