{"id":243102,"date":"2023-10-30T13:07:48","date_gmt":"2023-10-30T18:07:48","guid":{"rendered":"https:\/\/training-4-job.com\/portal\/?page_id=243102"},"modified":"2025-05-16T05:37:18","modified_gmt":"2025-05-16T10:37:18","slug":"blog","status":"publish","type":"page","link":"https:\/\/training-4-job.com\/portal\/blog\/","title":{"rendered":"Blog"},"content":{"rendered":"<p>[et_pb_section fb_built=\u00bb1&#8243; background_color_2=\u00bb#141617&#8243; admin_label=\u00bbHeader\u00bb _builder_version=\u00bb4.22.2&#8243; background_color=\u00bb#FFDE5A\u00bb z_index=\u00bb1&#8243; max_width=\u00bb80vw\u00bb overflow-y=\u00bbvisible\u00bb custom_margin=\u00bb50px||50px||true|false\u00bb custom_padding=\u00bb4px||4px||true|false\u00bb locked=\u00bboff\u00bb global_colors_info=\u00bb{}\u00bb][et_pb_row custom_padding_last_edited=\u00bbon|desktop\u00bb _builder_version=\u00bb4.22.2&#8243; background_color=\u00bb#243C74&#8243; transform_scale_tablet=\u00bb\u00bb transform_scale_phone=\u00bb\u00bb transform_scale_last_edited=\u00bbon|desktop\u00bb transform_translate=\u00bb10vw|0px\u00bb transform_translate_tablet=\u00bb\u00bb transform_translate_phone=\u00bb5vw|0px\u00bb transform_translate_last_edited=\u00bbon|desktop\u00bb transform_translate_linked=\u00bboff\u00bb transform_rotate_tablet=\u00bb\u00bb transform_rotate_phone=\u00bb\u00bb transform_rotate_last_edited=\u00bbon|desktop\u00bb transform_skew_tablet=\u00bb\u00bb transform_skew_phone=\u00bb\u00bb transform_skew_last_edited=\u00bbon|desktop\u00bb transform_origin_tablet=\u00bb\u00bb transform_origin_phone=\u00bb\u00bb transform_origin_last_edited=\u00bbon|desktop\u00bb transform_styles_last_edited=\u00bbon|desktop\u00bb width=\u00bb80vw\u00bb width_tablet=\u00bb\u00bb width_phone=\u00bb90vw\u00bb width_last_edited=\u00bbon|desktop\u00bb custom_margin=\u00bb||-120px\u00bb custom_padding=\u00bb40px|60px|40px|60px|true|true\u00bb custom_padding_tablet=\u00bb\u00bb custom_padding_phone=\u00bb40px||40px|20px|true\u00bb transform_styles_tablet=\u00bb\u00bb transform_styles_phone=\u00bb\u00bb box_shadow_style=\u00bbpreset1&#8243; box_shadow_vertical=\u00bb64px\u00bb box_shadow_blur=\u00bb64px\u00bb box_shadow_spread=\u00bb-12px\u00bb box_shadow_color=\u00bbrgba(20,22,23,0.24)\u00bb global_colors_info=\u00bb{}\u00bb][et_pb_column type=\u00bb4_4&#8243; _builder_version=\u00bb4.16&#8243; custom_padding=\u00bb|||\u00bb global_colors_info=\u00bb{}\u00bb custom_padding__hover=\u00bb|||\u00bb][et_pb_text _builder_version=\u00bb4.24.0&#8243; text_font=\u00bbMontserrat||||||||\u00bb text_letter_spacing=\u00bb3px\u00bb header_font=\u00bbVollkorn|700|||||||\u00bb header_font_size=\u00bb70px\u00bb header_letter_spacing=\u00bb-3px\u00bb header_line_height=\u00bb0.9em\u00bb header_2_font=\u00bbMontserrat|||on|||||\u00bb header_2_font_size=\u00bb24px\u00bb header_2_letter_spacing=\u00bb2px\u00bb header_2_line_height=\u00bb1.8em\u00bb background_layout=\u00bbdark\u00bb header_font_size_tablet=\u00bb60px\u00bb header_font_size_phone=\u00bb40px\u00bb header_font_size_last_edited=\u00bbon|phone\u00bb header_2_font_size_tablet=\u00bb14px\u00bb header_2_font_size_phone=\u00bb\u00bb header_2_font_size_last_edited=\u00bbon|tablet\u00bb locked=\u00bboff\u00bb global_colors_info=\u00bb{}\u00bb]<\/p>\n<h1>Blog<\/h1>\n<p>[\/et_pb_text][\/et_pb_column][\/et_pb_row][\/et_pb_section][et_pb_section fb_built=\u00bb1&#8243; admin_label=\u00bbBlog\u00bb _builder_version=\u00bb4.16&#8243; locked=\u00bboff\u00bb global_colors_info=\u00bb{}\u00bb][et_pb_row _builder_version=\u00bb4.16&#8243; custom_padding=\u00bb55px|||||\u00bb global_colors_info=\u00bb{}\u00bb][et_pb_column type=\u00bb4_4&#8243; _builder_version=\u00bb4.16&#8243; custom_padding=\u00bb|||\u00bb global_colors_info=\u00bb{}\u00bb custom_padding__hover=\u00bb|||\u00bb][et_pb_blog fullwidth=\u00bboff\u00bb posts_number=\u00bb3&#8243; include_categories=\u00bb265&#8243; excerpt_length=\u00bb80&#8243; _builder_version=\u00bb4.27.4&#8243; header_font=\u00bbKarla|700||on|||||\u00bb header_text_color=\u00bb#243C74&#8243; header_font_size=\u00bb13px\u00bb header_line_height=\u00bb1.4em\u00bb body_line_height=\u00bb1.8em\u00bb meta_text_color=\u00bb#000000&#8243; pagination_font=\u00bbKarla|700||on|||||\u00bb pagination_text_color=\u00bb#f56845&#8243; pagination_letter_spacing=\u00bb1px\u00bb custom_margin_tablet=\u00bb||0vw\u00bb custom_margin_last_edited=\u00bboff|desktop\u00bb hover_enabled=\u00bb0&#8243; z_index_tablet=\u00bb500&#8243; border_width_all=\u00bb18px\u00bb border_color_all=\u00bb#ffffff\u00bb box_shadow_style=\u00bbpreset1&#8243; box_shadow_vertical=\u00bb34px\u00bb box_shadow_blur=\u00bb64px\u00bb box_shadow_spread=\u00bb-12px\u00bb box_shadow_color=\u00bbrgba(20,22,23,0.19)\u00bb locked=\u00bboff\u00bb global_colors_info=\u00bb{}\u00bb sticky_enabled=\u00bb0&#8243;]<br \/>\n[\/et_pb_blog][\/et_pb_column][\/et_pb_row][\/et_pb_section]<\/p>\n","protected":false},"excerpt":{"rendered":"<p>Blog<\/p>\n","protected":false},"author":4,"featured_media":0,"parent":0,"menu_order":0,"comment_status":"closed","ping_status":"closed","template":"","meta":{"_et_pb_use_builder":"on","_et_pb_old_content":"","_et_gb_content_width":"","_joinchat":[],"footnotes":""},"class_list":["post-243102","page","type-page","status-publish","hentry"],"yoast_head":"<!-- This site is optimized with the Yoast SEO plugin v27.4 - https:\/\/yoast.com\/product\/yoast-seo-wordpress\/ -->\n<title>Blog - Training 4 Job<\/title>\n<meta name=\"robots\" content=\"index, follow, max-snippet:-1, max-image-preview:large, max-video-preview:-1\" \/>\n<link rel=\"canonical\" href=\"https:\/\/training-4-job.com\/portal\/blog\/\" \/>\n<meta property=\"og:locale\" content=\"es_ES\" \/>\n<meta property=\"og:type\" content=\"article\" \/>\n<meta property=\"og:title\" content=\"Blog - Training 4 Job\" \/>\n<meta property=\"og:description\" content=\"Blog\" \/>\n<meta property=\"og:url\" content=\"https:\/\/training-4-job.com\/portal\/blog\/\" \/>\n<meta property=\"og:site_name\" content=\"Training 4 Job\" \/>\n<meta property=\"article:publisher\" content=\"https:\/\/www.facebook.com\/cctrainingforjob\" \/>\n<meta property=\"article:modified_time\" content=\"2025-05-16T10:37:18+00:00\" \/>\n<meta name=\"twitter:card\" content=\"summary_large_image\" \/>\n<script type=\"application\/ld+json\" class=\"yoast-schema-graph\">{\"@context\":\"https:\\\/\\\/schema.org\",\"@graph\":[{\"@type\":\"WebPage\",\"@id\":\"https:\\\/\\\/training-4-job.com\\\/portal\\\/blog\\\/\",\"url\":\"https:\\\/\\\/training-4-job.com\\\/portal\\\/blog\\\/\",\"name\":\"Blog - Training 4 Job\",\"isPartOf\":{\"@id\":\"https:\\\/\\\/training-4-job.com\\\/portal\\\/#website\"},\"datePublished\":\"2023-10-30T18:07:48+00:00\",\"dateModified\":\"2025-05-16T10:37:18+00:00\",\"breadcrumb\":{\"@id\":\"https:\\\/\\\/training-4-job.com\\\/portal\\\/blog\\\/#breadcrumb\"},\"inLanguage\":\"es\",\"potentialAction\":[{\"@type\":\"ReadAction\",\"target\":[\"https:\\\/\\\/training-4-job.com\\\/portal\\\/blog\\\/\"]}]},{\"@type\":\"BreadcrumbList\",\"@id\":\"https:\\\/\\\/training-4-job.com\\\/portal\\\/blog\\\/#breadcrumb\",\"itemListElement\":[{\"@type\":\"ListItem\",\"position\":1,\"name\":\"Portada\",\"item\":\"https:\\\/\\\/training-4-job.com\\\/portal\\\/\"},{\"@type\":\"ListItem\",\"position\":2,\"name\":\"Blog\"}]},{\"@type\":\"WebSite\",\"@id\":\"https:\\\/\\\/training-4-job.com\\\/portal\\\/#website\",\"url\":\"https:\\\/\\\/training-4-job.com\\\/portal\\\/\",\"name\":\"Training 4 Job\",\"description\":\"Somos un centro de entrenamiento aeron\u00e1utico de mantenimiento en l\u00ednea comprometido con la excelencia educativa, la seguridad aeron\u00e1utica y la accesibilidad global. Estamos dedicados a preparar a nuestros estudiantes para carreras exitosas en la industria de la aviaci\u00f3n a trav\u00e9s de una educaci\u00f3n de calidad y una plataforma de formaci\u00f3n en l\u00ednea de vanguardia.\",\"publisher\":{\"@id\":\"https:\\\/\\\/training-4-job.com\\\/portal\\\/#organization\"},\"potentialAction\":[{\"@type\":\"SearchAction\",\"target\":{\"@type\":\"EntryPoint\",\"urlTemplate\":\"https:\\\/\\\/training-4-job.com\\\/portal\\\/?s={search_term_string}\"},\"query-input\":{\"@type\":\"PropertyValueSpecification\",\"valueRequired\":true,\"valueName\":\"search_term_string\"}}],\"inLanguage\":\"es\"},{\"@type\":\"Organization\",\"@id\":\"https:\\\/\\\/training-4-job.com\\\/portal\\\/#organization\",\"name\":\"TRAINING 4 JOB\",\"url\":\"https:\\\/\\\/training-4-job.com\\\/portal\\\/\",\"logo\":{\"@type\":\"ImageObject\",\"inLanguage\":\"es\",\"@id\":\"https:\\\/\\\/training-4-job.com\\\/portal\\\/#\\\/schema\\\/logo\\\/image\\\/\",\"url\":\"https:\\\/\\\/training-4-job.com\\\/portal\\\/wp-content\\\/uploads\\\/2026\\\/03\\\/IMG.png\",\"contentUrl\":\"https:\\\/\\\/training-4-job.com\\\/portal\\\/wp-content\\\/uploads\\\/2026\\\/03\\\/IMG.png\",\"width\":500,\"height\":500,\"caption\":\"TRAINING 4 JOB\"},\"image\":{\"@id\":\"https:\\\/\\\/training-4-job.com\\\/portal\\\/#\\\/schema\\\/logo\\\/image\\\/\"},\"sameAs\":[\"https:\\\/\\\/www.facebook.com\\\/cctrainingforjob\"]}]}<\/script>\n<!-- \/ Yoast SEO plugin. -->","yoast_head_json":{"title":"Blog - Training 4 Job","robots":{"index":"index","follow":"follow","max-snippet":"max-snippet:-1","max-image-preview":"max-image-preview:large","max-video-preview":"max-video-preview:-1"},"canonical":"https:\/\/training-4-job.com\/portal\/blog\/","og_locale":"es_ES","og_type":"article","og_title":"Blog - Training 4 Job","og_description":"Blog","og_url":"https:\/\/training-4-job.com\/portal\/blog\/","og_site_name":"Training 4 Job","article_publisher":"https:\/\/www.facebook.com\/cctrainingforjob","article_modified_time":"2025-05-16T10:37:18+00:00","twitter_card":"summary_large_image","schema":{"@context":"https:\/\/schema.org","@graph":[{"@type":"WebPage","@id":"https:\/\/training-4-job.com\/portal\/blog\/","url":"https:\/\/training-4-job.com\/portal\/blog\/","name":"Blog - Training 4 Job","isPartOf":{"@id":"https:\/\/training-4-job.com\/portal\/#website"},"datePublished":"2023-10-30T18:07:48+00:00","dateModified":"2025-05-16T10:37:18+00:00","breadcrumb":{"@id":"https:\/\/training-4-job.com\/portal\/blog\/#breadcrumb"},"inLanguage":"es","potentialAction":[{"@type":"ReadAction","target":["https:\/\/training-4-job.com\/portal\/blog\/"]}]},{"@type":"BreadcrumbList","@id":"https:\/\/training-4-job.com\/portal\/blog\/#breadcrumb","itemListElement":[{"@type":"ListItem","position":1,"name":"Portada","item":"https:\/\/training-4-job.com\/portal\/"},{"@type":"ListItem","position":2,"name":"Blog"}]},{"@type":"WebSite","@id":"https:\/\/training-4-job.com\/portal\/#website","url":"https:\/\/training-4-job.com\/portal\/","name":"Training 4 Job","description":"Somos un centro de entrenamiento aeron\u00e1utico de mantenimiento en l\u00ednea comprometido con la excelencia educativa, la seguridad aeron\u00e1utica y la accesibilidad global. Estamos dedicados a preparar a nuestros estudiantes para carreras exitosas en la industria de la aviaci\u00f3n a trav\u00e9s de una educaci\u00f3n de calidad y una plataforma de formaci\u00f3n en l\u00ednea de vanguardia.","publisher":{"@id":"https:\/\/training-4-job.com\/portal\/#organization"},"potentialAction":[{"@type":"SearchAction","target":{"@type":"EntryPoint","urlTemplate":"https:\/\/training-4-job.com\/portal\/?s={search_term_string}"},"query-input":{"@type":"PropertyValueSpecification","valueRequired":true,"valueName":"search_term_string"}}],"inLanguage":"es"},{"@type":"Organization","@id":"https:\/\/training-4-job.com\/portal\/#organization","name":"TRAINING 4 JOB","url":"https:\/\/training-4-job.com\/portal\/","logo":{"@type":"ImageObject","inLanguage":"es","@id":"https:\/\/training-4-job.com\/portal\/#\/schema\/logo\/image\/","url":"https:\/\/training-4-job.com\/portal\/wp-content\/uploads\/2026\/03\/IMG.png","contentUrl":"https:\/\/training-4-job.com\/portal\/wp-content\/uploads\/2026\/03\/IMG.png","width":500,"height":500,"caption":"TRAINING 4 JOB"},"image":{"@id":"https:\/\/training-4-job.com\/portal\/#\/schema\/logo\/image\/"},"sameAs":["https:\/\/www.facebook.com\/cctrainingforjob"]}]}},"_links":{"self":[{"href":"https:\/\/training-4-job.com\/portal\/wp-json\/wp\/v2\/pages\/243102","targetHints":{"allow":["GET"]}}],"collection":[{"href":"https:\/\/training-4-job.com\/portal\/wp-json\/wp\/v2\/pages"}],"about":[{"href":"https:\/\/training-4-job.com\/portal\/wp-json\/wp\/v2\/types\/page"}],"author":[{"embeddable":true,"href":"https:\/\/training-4-job.com\/portal\/wp-json\/wp\/v2\/users\/4"}],"replies":[{"embeddable":true,"href":"https:\/\/training-4-job.com\/portal\/wp-json\/wp\/v2\/comments?post=243102"}],"version-history":[{"count":6,"href":"https:\/\/training-4-job.com\/portal\/wp-json\/wp\/v2\/pages\/243102\/revisions"}],"predecessor-version":[{"id":243484,"href":"https:\/\/training-4-job.com\/portal\/wp-json\/wp\/v2\/pages\/243102\/revisions\/243484"}],"wp:attachment":[{"href":"https:\/\/training-4-job.com\/portal\/wp-json\/wp\/v2\/media?parent=243102"}],"curies":[{"name":"wp","href":"https:\/\/api.w.org\/{rel}","templated":true}]}}